{"id":604,"date":"2024-04-22T15:49:56","date_gmt":"2024-04-22T15:49:56","guid":{"rendered":"https:\/\/test.parkerrussell.vn\/cong-ty-thanh-vien\/"},"modified":"2024-05-04T04:26:05","modified_gmt":"2024-05-04T04:26:05","slug":"cong-ty-thanh-vien","status":"publish","type":"page","link":"https:\/\/test.parkerrussell.vn\/vi\/cong-ty-thanh-vien\/","title":{"rendered":"C\u00f4ng ty th\u00e0nh vi\u00ean"},"content":{"rendered":"\t<section class=\"section\" id=\"section_2145468782\">\n\t\t<div class=\"bg section-bg fill bg-fill  bg-loaded\" >\n\n\t\t\t\n\t\t\t\n\t\t\t\n\n\t\t<\/div>\n\n\t\t\n\n\t\t<div class=\"section-content relative\">\n\t\t\t\n<p>\n\n  <div class=\"banner has-hover\" id=\"banner-1147042356\">\n          <div class=\"banner-inner fill\">\n        <div class=\"banner-bg fill\" >\n            <div class=\"bg fill bg-fill \"><\/div>\n                        <div class=\"overlay\"><\/div>            \n                    <\/div>\n\t\t\n        <div class=\"banner-layers container\">\n            <div class=\"fill banner-link\"><\/div>            \n<p>\n   <div id=\"text-box-1043855424\" class=\"text-box banner-layer x50 md-x50 lg-x50 y50 md-y50 lg-y50 res-text\">\n                                <div class=\"text-box-content text dark\">\n              \n              <div class=\"text-inner text-center\">\n                  \n<h3 style=\"text-align: left;\">C\u00f4ng ty th\u00e0nh vi\u00ean<\/h3>\n<p style=\"text-align: left;\">C\u00e1c c\u00f4ng ty th\u00e0nh vi\u00ean \u0111\u1ed9c l\u1eadp c\u1ee7a ch\u00fang t\u00f4i cung c\u1ea5p d\u1ecbch v\u1ee5 ki\u1ec3m to\u00e1n, k\u1ebf to\u00e1n v\u00e0 c\u00e1c d\u1ecbch v\u1ee5 li\u00ean quan kh\u00e1c t\u1ea1i 53 qu\u1ed1c gia b\u1edfi h\u01a1n 100 v\u0103n ph\u00f2ng v\u00e0 h\u01a1n 2000 ki\u1ec3m to\u00e1n vi\u00ean, k\u1ebf to\u00e1n vi\u00ean v\u00e0 c\u1ed1 v\u1ea5n c\u00f3 tr\u00ecnh \u0111\u1ed9.<\/p>\n<p>\u00a0<\/p>\n              <\/div>\n           <\/div>\n                            \n<style>\n#text-box-1043855424 {\n  width: 60%;\n}\n#text-box-1043855424 .text-box-content {\n  font-size: 100%;\n}\n<\/style>\n    <\/div>\n \n<\/p>\n        <\/div>\n      <\/div>\n\n            \n<style>\n#banner-1147042356 {\n  padding-top: 300px;\n}\n#banner-1147042356 .bg.bg-loaded {\n  background-image: url(https:\/\/test.parkerrussell.vn\/wp-content\/uploads\/2024\/04\/Parker-Russell-city-skyscrappers.jpg);\n}\n#banner-1147042356 .overlay {\n  background-color: rgba(0, 0, 0, 0.39);\n}\n<\/style>\n  <\/div>\n\n\n<div class=\"row\"  id=\"row-962064539\">\n<p>\n\n\t<div id=\"col-1863551244\" class=\"col small-12 large-12\"  >\n\t\t\t\t<div class=\"col-inner\"  >\n\t\t\t\n\t\t\t\n<p>\n\t<div id=\"text-1195006831\" class=\"text\">\n\t\t\n<h3>C\u00e1c c\u00f4ng ty th\u00e0nh vi\u00ean c\u1ee7a Parker Russell<\/h3>\n\t\t\n<style>\n#text-1195006831 {\n  color: rgb(208, 45, 60);\n}\n#text-1195006831 > * {\n  color: rgb(208, 45, 60);\n}\n<\/style>\n\t<\/div>\n\t\n<\/p>\n\t\t<\/div>\n\t\t\t\t\t<\/div>\n\n\t\n\n\t<div id=\"col-373544172\" class=\"col small-12 large-12\"  >\n\t\t\t\t<div class=\"col-inner\"  >\n\t\t\t\n\t\t\t\n\t\t<\/div>\n\t\t\t\t\t<\/div>\n\n\t\n<\/p>\n<\/div>\n<\/p>\n\t\t<\/div>\n\n\t\t\n<style>\n#section_2145468782 {\n  padding-top: 30px;\n  padding-bottom: 30px;\n  background-color: rgb(247, 247, 247);\n}\n<\/style>\n\t<\/section>\n\t\n","protected":false},"excerpt":{"rendered":"","protected":false},"author":4,"featured_media":0,"parent":0,"menu_order":0,"comment_status":"closed","ping_status":"closed","template":"page-member-firm.php","meta":{"_acf_changed":false,"_monsterinsights_skip_tracking":false,"_monsterinsights_sitenote_active":false,"_monsterinsights_sitenote_note":"","_monsterinsights_sitenote_category":0,"footnotes":""},"class_list":["post-604","page","type-page","status-publish","hentry"],"acf":[],"aioseo_notices":[],"_links":{"self":[{"href":"https:\/\/test.parkerrussell.vn\/vi\/wp-json\/wp\/v2\/pages\/604","targetHints":{"allow":["GET"]}}],"collection":[{"href":"https:\/\/test.parkerrussell.vn\/vi\/wp-json\/wp\/v2\/pages"}],"about":[{"href":"https:\/\/test.parkerrussell.vn\/vi\/wp-json\/wp\/v2\/types\/page"}],"author":[{"embeddable":true,"href":"https:\/\/test.parkerrussell.vn\/vi\/wp-json\/wp\/v2\/users\/4"}],"replies":[{"embeddable":true,"href":"https:\/\/test.parkerrussell.vn\/vi\/wp-json\/wp\/v2\/comments?post=604"}],"version-history":[{"count":0,"href":"https:\/\/test.parkerrussell.vn\/vi\/wp-json\/wp\/v2\/pages\/604\/revisions"}],"wp:attachment":[{"href":"https:\/\/test.parkerrussell.vn\/vi\/wp-json\/wp\/v2\/media?parent=604"}],"curies":[{"name":"wp","href":"https:\/\/api.w.org\/{rel}","templated":true}]}}